{"id":624,"date":"2024-05-21T08:34:08","date_gmt":"2024-05-21T06:34:08","guid":{"rendered":"https:\/\/demo.oenofrance.com\/?page_id=624"},"modified":"2025-01-09T09:01:07","modified_gmt":"2025-01-09T08:01:07","slug":"cgu","status":"publish","type":"page","link":"https:\/\/www.oenofrance.com\/de\/cgu\/","title":{"rendered":"CGU"},"content":{"rendered":"<p>\n<style type=\"text\/css\" data-created_by=\"avia_inline_auto\" id=\"style-css-av-3czf4-81a8f048e06ccc1474910e00124e2c38\">\n.avia-section.av-3czf4-81a8f048e06ccc1474910e00124e2c38{\nbackground-repeat:no-repeat;\nbackground-image:url(https:\/\/www.oenofrance.com\/uploads\/2024\/05\/standard.jpg);\nbackground-position:50% 50%;\nbackground-attachment:scroll;\n}\n<\/style>\n<div id='av_section_1'  class='avia-section av-3czf4-81a8f048e06ccc1474910e00124e2c38 main_color avia-section-default avia-no-border-styling  avia-builder-el-0  el_before_av_section  avia-builder-el-first  header-type-withbg avia-full-stretch avia-bg-style-scroll av-minimum-height av-minimum-height-custom av-height-custom  container_wrap fullsize'  data-section-bg-repeat='stretch' data-av_minimum_height_px='290'><div class='container av-section-cont-open' style='height:290px'><main  role=\"main\" itemprop=\"mainContentOfPage\"  class='template-page content  av-content-full alpha units'><div class='post-entry post-entry-type-page post-entry-624'><div class='entry-content-wrapper clearfix'> <div  class='flex_column av-8y8o-d194a82292c559608f681af28b89d4c0 av_one_full  avia-builder-el-1  avia-builder-el-no-sibling  first no_margin flex_column_div'     ><section  class='av_textblock_section av-lwg0s0yu-ba7fd5ffa73741d2a81a834c2ebf0f06'   itemscope=\"itemscope\" itemtype=\"https:\/\/schema.org\/CreativeWork\" ><div class='avia_textblock hd-parttitle'  itemprop=\"text\" ><div class=\"sup-title\">RGPD<\/div>\n<h1>CGU<\/h1>\n<\/div><\/section><\/div>  <\/div><\/div><\/main><!-- close content main element --><\/div><\/div><div id='av_section_2'  class='avia-section av-n01w8-193664774c27e8cefb98add35a99cf07 main_color avia-section-default avia-no-border-styling  avia-builder-el-3  el_after_av_section  avia-builder-el-last  yellow-section avia-bg-style-scroll container_wrap fullsize'  ><div class='container av-section-cont-open' ><div class='template-page content  av-content-full alpha units'><div class='post-entry post-entry-type-page post-entry-624'><div class='entry-content-wrapper clearfix'> \n<style type=\"text\/css\" data-created_by=\"avia_inline_auto\" id=\"style-css-av-el1ps-2fcd47fdb9d96db20e7f1e6e1da067db\">\n#top .flex_column.av-el1ps-2fcd47fdb9d96db20e7f1e6e1da067db{\nmargin-top:50px;\nmargin-bottom:40px;\n}\n.responsive #top #wrap_all .flex_column.av-el1ps-2fcd47fdb9d96db20e7f1e6e1da067db{\nmargin-top:50px;\nmargin-bottom:40px;\n}\n<\/style>\n<div  class='flex_column av-el1ps-2fcd47fdb9d96db20e7f1e6e1da067db av_one_full  avia-builder-el-4  avia-builder-el-no-sibling  first flex_column_div'     ><section  class='av_textblock_section av-b0yls-baf22abfdcd98a377774784a2924de38'   itemscope=\"itemscope\" itemtype=\"https:\/\/schema.org\/CreativeWork\" ><div class='avia_textblock max-width-txt'  itemprop=\"text\" ><h1 style=\"text-align: left;\">CONDITIONS G\u00c9N\u00c9RALES D&rsquo;UTILISATION<\/h1>\n<p style=\"text-align: left;\">L\u2019acc\u00e8s \u00e0 OENOFRANCE\u00ae , sa consultation et son utilisation sont subordonn\u00e9s \u00e0 l\u2019acceptation sans r\u00e9serve des pr\u00e9sentes conditions g\u00e9n\u00e9rales d\u2019utilisation. En naviguant sur OENOFRANCE\u00ae , vous reconnaissez avoir pris connaissance et avoir accept\u00e9 pleinement et sans r\u00e9serve les pr\u00e9sentes conditions g\u00e9n\u00e9rales d\u2019utilisation. OENOFRANCE\u00ae attire votre attention sur l\u2019importance de les lire attentivement.<\/p>\n<h2 style=\"text-align: left;\">ARTICLE 1. OBJET<\/h2>\n<p style=\"text-align: left;\">Les pr\u00e9sentes conditions g\u00e9n\u00e9rales d\u2019utilisation (\u00ab les Conditions d\u2019Utilisation \u00bb)r\u00e9gissent l\u2019utilisation de OENOFRANCE\u00ae par tout utilisateur, personne physique, quel qu\u2019il soit, \u00e2g\u00e9e d\u2019au moins 18 ans (\u00ab Vous \u00bb). Elles visent notamment \u00e0 d\u00e9finir les conditions dans lesquelles vous pouvez acc\u00e9der et naviguer sur OENOFRANCE\u00ae et cr\u00e9er un compte client.<\/p>\n<h2 style=\"text-align: left;\">ARTICLE 2. SITE<\/h2>\n<p style=\"text-align: left;\">Le Site est ouvert \u00e0 tout internaute remplissant les conditions pr\u00e9vues \u00e0 l\u2019article \u00ab\u00a0Objet\u00a0\u00bb ci-dessus, sous r\u00e9serve de disposer d\u2019une connexion au r\u00e9seau Internet. Le site vous permet\u00a0notamment de : &#8211;\u00a0\u00a0\u00a0\u00a0\u00a0\u00a0\u00a0Remplir un formulaire de contact, en renseignant votre nom, votre adresse email et, si vous le souhaitez, un message, afin d\u2019\u00eatre contact\u00e9 par OENOFRANCE\u00ae ; &#8211;\u00a0\u00a0\u00a0\u00a0\u00a0\u00a0\u00a0Vous abonner \u00e0 la newsletter de OENOFRANCE\u00ae, afin de recevoir des informations concernant l\u2019actualit\u00e9, les activit\u00e9s et les offres commerciales de OENOFRANCE\u00ae; &#8211;\u00a0\u00a0\u00a0\u00a0\u00a0\u00a0\u00a0Cr\u00e9er un compte client, dans les conditions pr\u00e9vues \u00e0 l\u2019article \u00ab\u00a0Cr\u00e9ation d\u2019un compte client\u00a0\u00bb ci-dessous\u00a0;<\/p>\n<h2 style=\"text-align: left;\">ARTICLE 3. ACC\u00c8S<\/h2>\n<p style=\"text-align: left;\">\u00a0 \u00a0 R\u00e8gles g\u00e9n\u00e9rales Pour acc\u00e9der \u00e0 OENOFRANCE\u00ae, vous devez disposer d\u2019un acc\u00e8s \u00e0 Internet, dont le co\u00fbt est \u00e0 votre charge, et reconnaissez que : \u2013\u00a0\u00a0\u00a0\u00a0\u00a0\u00a0\u00a0La fiabilit\u00e9 des transmissions est al\u00e9atoire en raison, notamment, du caract\u00e8re h\u00e9t\u00e9rog\u00e8ne des infrastructures et r\u00e9seaux sur lesquelles elles circulent ; \u2013\u00a0\u00a0\u00a0\u00a0\u00a0\u00a0\u00a0Il vous appartient de prendre toute mesure que vous jugerez appropri\u00e9e pour assurer la s\u00e9curit\u00e9 de votre terminal de connexion ; \u2013\u00a0\u00a0\u00a0\u00a0\u00a0\u00a0\u00a0Tout terminal de connexion connect\u00e9 au Site est et reste sous votre enti\u00e8re responsabilit\u00e9, la responsabilit\u00e9 de OENOFRANCE\u00ae ne pouvant pas \u00eatre recherch\u00e9e pour tout dommage direct ou indirect qui pourrait survenir du fait de votre connexion au Site.<\/p>\n<h2 style=\"text-align: left;\">ARTICLE 4. RESPONSABILIT\u00c9 DE\u00a0AE2<\/h2>\n<p style=\"text-align: left;\">OENOFRANCE\u00ae s\u2019engage \u00e0 faire ses meilleurs efforts afin d\u2019assurer au mieux l\u2019acc\u00e8s, la s\u00e9curit\u00e9 et le bon fonctionnement de Site. Ceci \u00e9tant, en naviguant sur le Site, vous reconnaissez conna\u00eetre les caract\u00e9ristiques et les limites du r\u00e9seau Internet, en particulier ses performances techniques, les temps de r\u00e9ponse pour consulter, interroger ou transf\u00e9rer des donn\u00e9es et les risques li\u00e9s \u00e0 la s\u00e9curit\u00e9 des communications. En d\u00e9pit des soins et efforts qu\u2019elle apporte \u00e0 son Site, OENOFRANCE\u00ae ne garantit pas que celui-ci sera exempt d\u2019anomalies ou d\u2019erreurs, que celles-ci pourront \u00eatre corrig\u00e9es, que le Site fonctionnera sans interruption ou panne, que des dysfonctionnements imputables \u00e0 des logiciels de tiers, que ceux-ci soient ou non incorpor\u00e9s dans le Site ou fournis avec celui-ci, surviennent, ni encore que le Site soit compatible avec la nature ou la configuration de votre terminal de connexion. Vous reconnaissez \u00eatre seul responsable de l\u2019utilisation que vous faites du Site et que OENOFRANCE\u00ae d\u00e9cline toute responsabilit\u00e9 en cas : \u2013\u00a0\u00a0\u00a0\u00a0\u00a0\u00a0\u00a0D\u2019inconv\u00e9nients ou dommages inh\u00e9rents \u00e0 l\u2019utilisation du r\u00e9seau Internet, notamment\u00a0en cas de suspension ou d\u2019interruption de l\u2019acc\u00e8s au Site en raison d\u2019un sinistre, probl\u00e8me sur la ligne,\u00a0rupture de service,\u00a0coupure d\u2019\u00e9lectricit\u00e9,\u00a0intrusion ext\u00e9rieure, pr\u00e9sence de virus informatiques ou de\u00a0fichiers corrompus, maintenance ou mise \u00e0 jour du Site, violation de donn\u00e9es du Site ou acc\u00e8s non autoris\u00e9\u00a0; \u2013\u00a0\u00a0\u00a0\u00a0\u00a0\u00a0\u00a0de dommage de tout type, pr\u00e9visible ou impr\u00e9visible (incluant la perte de donn\u00e9es, de b\u00e9n\u00e9fices, de chiffres d\u2019affaires, d\u2019activit\u00e9, d\u2019opportunit\u00e9, d\u2019\u00e9conomies, de profits, etc.) d\u00e9coulant de l\u2019utilisation ou de l\u2019impossibilit\u00e9 d\u2019acc\u00e9der totalement ou partiellement au Site ou de l\u2019utilisation que vous pourriez en faire en violation des pr\u00e9sentes Conditions d\u2019Utilisation.<\/p>\n<h2 style=\"text-align: left;\">ARTICLE 5. VOTRE RESPONSABILIT\u00c9<\/h2>\n<p style=\"text-align: left;\">En acc\u00e9dant au Site, vous vous interdisez notamment de : \u2013\u00a0\u00a0\u00a0\u00a0\u00a0\u00a0\u00a0Collecter de quelque fa\u00e7on que ce soit des informations sur les autres visiteurs du Site, sans leur accord expr\u00e8s, pr\u00e9alable et \u00e9crit ; \u2013\u00a0\u00a0\u00a0\u00a0\u00a0\u00a0\u00a0Perturber ou tenter de perturber le fonctionnement du Site, diffuser des virus ou toutes autres technologies susceptibles de nuire \u00e0 OENOFRANCE\u00ae et aux autres visiteurs du Site, cr\u00e9er une saturation, inonder le serveur, tenter de sonder, de scruter ou de tester la vuln\u00e9rabilit\u00e9 d\u2019un syst\u00e8me ou d\u2019un r\u00e9seau ou encore enfreindre les mesures de s\u00e9curit\u00e9 ou d\u2019authentification sans en avoir re\u00e7u l\u2019accord expr\u00e8s, pr\u00e9alable et \u00e9crit de OENOFRANCE\u00ae; \u2013\u00a0\u00a0\u00a0\u00a0\u00a0\u00a0\u00a0Utiliser des robots, spiders ou scrapers ou tout autre proc\u00e9d\u00e9 automatique pour acc\u00e9der au Site, pour quelque raison que ce soit ; \u2013\u00a0\u00a0\u00a0\u00a0\u00a0\u00a0\u00a0Transf\u00e9rer votre Compte client \u00e0 un tiers sans l\u2019accord expr\u00e8s, pr\u00e9alable et \u00e9crit de OENOFRANCE\u00ae.<\/p>\n<h2 style=\"text-align: left;\">ARTICLE 6. PROPRI\u00c9T\u00c9 INTELLECTUELLE<\/h2>\n<p style=\"text-align: left;\">Tous les droits de propri\u00e9t\u00e9 intellectuelle portant tant sur la structure que sur le contenu du Site, et notamment les \u00e9l\u00e9ments graphiques, textuels ou visuels, les images, sons, vid\u00e9os, photographies, logos, marques, signes distinctifs, outils, logiciels, documents et donn\u00e9es (ci-apr\u00e8s d\u00e9sign\u00e9s ensemble \u00ab les El\u00e9ments \u00bb) sont la propri\u00e9t\u00e9 exclusive de OENOFRANCE\u00ae ou, le cas \u00e9ch\u00e9ant, de ses partenaires et ont, dans cette hypoth\u00e8se, fait l\u2019objet d\u2019une autorisation expresse et pr\u00e9alable de reproduction et de repr\u00e9sentation de la part du titulaire des droits. Ces El\u00e9ments sont mis \u00e0 votre disposition \u00e0 titre gracieux, pour la seule utilisation du Site et dans le cadre d\u2019une utilisation normale de ses fonctionnalit\u00e9s. Lors de l\u2019acc\u00e8s et de l\u2019utilisation du Site, vous vous engagez \u00e0 respecter les droits de propri\u00e9t\u00e9 intellectuelle de OENOFRANCE\u00ae et de ses partenaires, sous peine d\u2019engager votre responsabilit\u00e9 personnelle et de vous exposer \u00e0 des poursuites civiles et\/ou p\u00e9nales. Il vous est interdit de reproduire, repr\u00e9senter, publier, transmettre, modifier, utiliser, adapter, traduire, diffuser, c\u00e9der, exploiter ou extraire, \u00e0 des fins commerciales ou non, tout ou partie des El\u00e9ments, et ce de quelque mani\u00e8re que ce soit, sans l\u2019accord expr\u00e8s, pr\u00e9alable et \u00e9crit de OENOFRANCE\u00ae. Par d\u00e9rogation au paragraphe pr\u00e9c\u00e9dent, vous \u00eates autoris\u00e9 \u00e0 t\u00e9l\u00e9charger une copie de certaines parties du Site sur un ordinateur personnel et\/ou \u00e0 proc\u00e9der \u00e0 une impression, exclusivement pour votre utilisation personnelle et non commerciale et sous r\u00e9serve de n\u2019apporter aucune modification aux El\u00e9ments copi\u00e9s.<\/p>\n<h2 style=\"text-align: left;\">ARTICLE 7. LIENS HYPERTEXTES<\/h2>\n<p style=\"text-align: left;\">1. \u00a0\u00a0\u00a0\u00a0Liens hypertextes depuis le Site Le Site peut contenir des liens hypertextes redirigeant vers des sites Internet exploit\u00e9s par des tiers. Ces liens sont fournis \u00e0 simple titre d\u2019information. OENOFRANCE\u00ae n\u2019exerce aucun contr\u00f4le sur ces sites Internet et d\u00e9cline toute responsabilit\u00e9 quant \u00e0 l\u2019acc\u00e8s, le contenu ou l\u2019utilisation de ces sites, ainsi qu\u2019aux dommages pouvant r\u00e9sulter de la consultation des informations qui y figurent, la d\u00e9cision d\u2019activer ces liens hypertextes relevant de votre responsabilit\u00e9 exclusive. 2. \u00a0\u00a0\u00a0\u00a0Liens hypertextes vers le Site Aucun lien hypertexte ne peut \u00eatre cr\u00e9\u00e9 vers le Site sans l\u2019accord expr\u00e8s, pr\u00e9alable et \u00e9crit de OENOFRANCE\u00ae. Si vous entendez cr\u00e9er un lien hypertexte redirigeant vers le Site, et ce quel que soit le support, vous devez pr\u00e9alablement prendre contact avec\u00a0NOM\u00a0afin d\u2019obtenir son accord expr\u00e8s, pr\u00e9alable et \u00e9crit en lui adressant un courrier \u00e9lectronique.<\/p>\n<h2 style=\"text-align: left;\">ARTICLE 8.\u00a0 LOI APPLICABLE \u2013 COMP\u00c9TENCE JURIDICTIONNELLE<\/h2>\n<p style=\"text-align: left;\">Les pr\u00e9sentes Conditions d\u2019utilisation sont soumises au droit fran\u00e7ais. Vous \u00eates inform\u00e9 qu\u2019en cas de contestation, vous pouvez recourir \u00e0 une m\u00e9diation de la consommation dans les conditions pr\u00e9vues dans nos conditions g\u00e9n\u00e9rales. En cas de litige auquel aurait pu donner lieu l\u2019application des pr\u00e9sentes Conditions d\u2019Utilisation et qui ne serait pas amiablement r\u00e9solu avec OENOFRANCE\u00ae, les tribunaux fran\u00e7ais sont exclusivement comp\u00e9tents en application des r\u00e8gles \u00e9dit\u00e9es par le Code de proc\u00e9dure civile fran\u00e7ais.<\/p>\n<h2 style=\"text-align: left;\">ARTICLE 9. VIOLATION DES CONDITIONS D\u2019UTILISATION<\/h2>\n<p style=\"text-align: left;\">En cas de constatation par OENOFRANCE\u00ae de la violation de votre part de l\u2019une quelconque des stipulations des pr\u00e9sentes Conditions d\u2019Utilisation, des dispositions l\u00e9gales en vigueur ou des droits des tiers, et apr\u00e8s notification \u00e9crite de vous mettre en conformit\u00e9 demeur\u00e9e infructueuse pendant plus de huit jours, sauf cause grave justifiant l\u2019absence de pr\u00e9avis ou l\u2019application d\u2019un pr\u00e9avis plus court, OENOFRANCE\u00ae se r\u00e9serve le droit de restreindre, suspendre ou interdire, de mani\u00e8re temporaire ou d\u00e9finitive, votre acc\u00e8s au Site et \u00e0 votre Compte client.<\/p>\n<h2 style=\"text-align: left;\">ARTICLE 10. MODIFICATION DU SITE ET DES CGU<\/h2>\n<p style=\"text-align: left;\">OENOFRANCE\u00ae se r\u00e9serve le droit, \u00e0 tout moment et sans pr\u00e9avis, de modifier les r\u00e8gles de fonctionnement du Site, de modifier ou supprimer tout ou partie de son contenu ainsi que d\u2019en interrompre, temporairement ou d\u00e9finitivement, l\u2019accessibilit\u00e9, notamment afin de proc\u00e9der \u00e0 toute op\u00e9ration de correction, de maintenance ou de mise \u00e0 jour. OENOFRANCE\u00ae se r\u00e9serve le droit, \u00e0 tout moment et sans pr\u00e9avis, de modifier le contenu des pr\u00e9sentes Conditions d\u2019Utilisation, les modifications ainsi apport\u00e9es \u00e9tant applicables d\u00e8s leur mise en ligne sur le Site. En cons\u00e9quence, vous \u00eates invit\u00e9 \u00e0 consulter r\u00e9guli\u00e8rement les pr\u00e9sentes Conditions d\u2019Utilisation.<\/p>\n<h2 style=\"text-align: left;\">ARTICLE 11. DROIT DE CESSION<\/h2>\n<p style=\"text-align: left;\">OENOFRANCE\u00ae se r\u00e9serve le droit de c\u00e9der \u00e0 des tiers, en tout ou partie, les droits et obligations issus des pr\u00e9sentes Conditions d\u2019Utilisation, \u00e0 condition de les c\u00e9der dans les m\u00eames termes ou, \u00e0 tout le moins, dans des termes qui ne soient pas moins avantageux pour vous.<\/p>\n<h2 style=\"text-align: left;\">ARTICLE 12. DISPOSITIONS DIVERSES<\/h2>\n<p style=\"text-align: left;\">Si l\u2019une quelconque des stipulations des pr\u00e9sentes\u00a0Conditions d\u2019Utilisation\u00a0\u00e9tait d\u00e9clar\u00e9e nulle ou inapplicable en application d\u2019une loi, d\u2019un r\u00e8glement ou \u00e0 la suite d\u2019une d\u00e9cision de justice devenue d\u00e9finitive, elle serait r\u00e9put\u00e9e non \u00e9crite et les autres stipulations resteraient en vigueur. Le fait que OENOFRANCE\u00ae ne se pr\u00e9vale pas, \u00e0 un moment ou \u00e0 un autre, d\u2019une des stipulations des Conditions d\u2019Utilisation ne pourra \u00eatre interpr\u00e9t\u00e9 comme valant renonciation \u00e0 s\u2019en pr\u00e9valoir.<\/p>\n<h2 style=\"text-align: left;\">ARTICLE 13. DEPOT D\u2019AVIS<\/h2>\n<p style=\"text-align: left;\">Le d\u00e9p\u00f4t d\u2019avis est r\u00e9serv\u00e9 aux utilisateurs des produits ou services de OENOFRANCE\u00ae pr\u00e9sent\u00e9s sur le site. Les avis ont pour but d\u2019aider les internautes ou utilisateurs dans leur choix Votre adresse email, votre nom, pr\u00e9nom sont r\u00e9colt\u00e9s par OENOFRANCE\u00ae dans le but strict de r\u00e9colter votre avis sur un produit ou un service. Ces donn\u00e9es ne sont transmise \u00e0 aucune autre soci\u00e9t\u00e9 et ces donn\u00e9es ne sont utilis\u00e9es que dans le but d\u2019\u00e9valuer votre exp\u00e9rience d\u2019achat sur OENOFRANCE\u00ae ou \u00e0 titre informatif dans la fiche produit. Les avis font l\u2019objet d\u2019un tri bas\u00e9 sur deux crit\u00e8res\u00a0: \u2022 Crit\u00e8re chronologique \u2022 Crit\u00e8re de notation Aucune contrepartie n\u2019est fournie pour la publication d\u2019un avis.<\/p>\n<p style=\"text-align: left;\">L\u2019Utilisateur s\u2019engage \u00e0 r\u00e9diger un commentaire sur un Produit ou Service qu\u2019il a effectivement test\u00e9 ou utilis\u00e9. Un avis n\u2019est pas valid\u00e9, ne sera donc pas publi\u00e9 et peut \u00eatre supprim\u00e9 pour une des raisons suivantes (liste non exhaustive) : \u2022 &#8211; le produit ou le service concern\u00e9 n\u2019a pas \u00e9t\u00e9 utilis\u00e9 par l\u2019auteur de l\u2019avis \u2022 &#8211; l\u2019avis d\u00e9pos\u00e9 ne concerne pas le Produit ou Service objet de l\u2019avis \u2022 &#8211; l\u2019avis est une question de l\u2019Utilisateur sans description de l\u2019exp\u00e9rience avec le Produit ou Service \u2022 &#8211; l\u2019avis contient trop de fautes d\u2019orthographe ou une mauvaise syntaxe r\u00e9duisant son int\u00e9r\u00eat \u2022 &#8211; l\u2019avis est d\u00e9pos\u00e9 dans une autre langue que celle du site ou du formulaire qui est utilis\u00e9 \u2022 &#8211; l\u2019avis contient des propos \u00e0 caract\u00e8re publicitaire et\/ou commercial \u2022 &#8211; l\u2019avis contient des propos racistes, x\u00e9nophobes, grossiers, injurieux, diffamatoires \u2022 &#8211; l\u2019avis peut porter atteinte aux droits de propri\u00e9t\u00e9 intellectuelle des tiers (tel que citer une marque) \u2022 &#8211; les \u00e9l\u00e9ments relatifs \u00e0 l\u2019identit\u00e9 de l\u2019Utilisateur comportent des injures ou grossi\u00e8ret\u00e9s \u2022 &#8211; l\u2019avis fait r\u00e9f\u00e9rence \u00e0 des personnes y compris des personnalit\u00e9s connues ou ne garantie pas l\u2019anonymat d\u2019Utilisateurs \u2022 &#8211; l\u2019avis comprend une adresse email, un num\u00e9ro de t\u00e9l\u00e9phone, une adresse postale ou toute autre donn\u00e9e permettant d\u2019identifier directement ou indirectement une personne physique ou morale \u2022 &#8211; l\u2019avis comprend un num\u00e9ro de carte bancaire, de compte bancaire, de s\u00e9curit\u00e9 sociale ou toute autre donn\u00e9e susceptible d\u2019aboutir \u00e0 une usurpation d\u2019identit\u00e9 \u2022 &#8211; les attributs de l\u2019avis d\u00e9pos\u00e9 contiennent des \u00e9l\u00e9ments concrets de conflits d\u2019int\u00e9r\u00eats L\u2019internaute publiant un avis s\u2019engage \u00e0 respecter la r\u00e8glementation en vigueur, les pr\u00e9sentes conditions de publication d\u2019avis ainsi que les \u00e9ventuelles conditions d\u2019utilisation pr\u00e9sentes sur le site ayant permis la publication de l\u2019avis. L\u2019utilisateur accepte que OENOFRANCE\u00ae dispose d\u2019un droit de r\u00e9ponse \u00e0 l\u2019issue de la publication de l\u2019avis. Cette r\u00e9ponse sera rendue publique.<\/p>\n<p style=\"text-align: left;\">OENOFRANCE\u00ae se r\u00e9serve le droit de ne pas publier un avis qui serait contraire aux pr\u00e9sentes conditions. De la m\u00eame mani\u00e8re, OENOFRANCE\u00ae se r\u00e9serve la possibilit\u00e9, \u00e0 tout moment et sans avertissement pr\u00e9alable, de supprimer un avis qu\u2019elle jugerait contraire aux pr\u00e9sentes conditions ainsi qu\u2019\u00e0 la r\u00e8glementation en vigueur.<\/p>\n<\/div><\/section><\/div><\/p>","protected":false},"excerpt":{"rendered":"","protected":false},"author":1,"featured_media":0,"parent":0,"menu_order":0,"comment_status":"closed","ping_status":"closed","template":"","meta":{"_acf_changed":false,"inline_featured_image":false,"footnotes":""},"class_list":["post-624","page","type-page","status-publish","hentry"],"acf":[],"yoast_head":"<!-- This site is optimized with the Yoast SEO plugin v24.6 - https:\/\/yoast.com\/wordpress\/plugins\/seo\/ -->\n<title>CGU - Oenofrance<\/title>\n<meta name=\"robots\" content=\"noindex, follow\" \/>\n<meta property=\"og:locale\" content=\"de_DE\" \/>\n<meta property=\"og:type\" content=\"article\" \/>\n<meta property=\"og:title\" content=\"CGU - Oenofrance\" \/>\n<meta property=\"og:url\" content=\"https:\/\/www.oenofrance.com\/de\/cgu\/\" \/>\n<meta property=\"og:site_name\" content=\"Oenofrance\" \/>\n<meta property=\"article:modified_time\" content=\"2025-01-09T08:01:07+00:00\" \/>\n<meta name=\"twitter:card\" content=\"summary_large_image\" \/>\n<meta name=\"twitter:label1\" content=\"Gesch\u00e4tzte Lesezeit\" \/>\n\t<meta name=\"twitter:data1\" content=\"11\u00a0Minuten\" \/>\n<script type=\"application\/ld+json\" class=\"yoast-schema-graph\">{\"@context\":\"https:\/\/schema.org\",\"@graph\":[{\"@type\":\"WebPage\",\"@id\":\"https:\/\/www.oenofrance.com\/de\/cgu\/\",\"url\":\"https:\/\/www.oenofrance.com\/de\/cgu\/\",\"name\":\"CGU - Oenofrance\",\"isPartOf\":{\"@id\":\"https:\/\/www.oenofrance.com\/de\/#website\"},\"datePublished\":\"2024-05-21T06:34:08+00:00\",\"dateModified\":\"2025-01-09T08:01:07+00:00\",\"breadcrumb\":{\"@id\":\"https:\/\/www.oenofrance.com\/de\/cgu\/#breadcrumb\"},\"inLanguage\":\"de\",\"potentialAction\":[{\"@type\":\"ReadAction\",\"target\":[\"https:\/\/www.oenofrance.com\/de\/cgu\/\"]}]},{\"@type\":\"BreadcrumbList\",\"@id\":\"https:\/\/www.oenofrance.com\/de\/cgu\/#breadcrumb\",\"itemListElement\":[{\"@type\":\"ListItem\",\"position\":1,\"name\":\"Accueil\",\"item\":\"https:\/\/www.oenofrance.com\/de\/\"},{\"@type\":\"ListItem\",\"position\":2,\"name\":\"CGU\"}]},{\"@type\":\"WebSite\",\"@id\":\"https:\/\/www.oenofrance.com\/de\/#website\",\"url\":\"https:\/\/www.oenofrance.com\/de\/\",\"name\":\"Oenofrance\",\"description\":\"\",\"publisher\":{\"@id\":\"https:\/\/www.oenofrance.com\/de\/#organization\"},\"potentialAction\":[{\"@type\":\"SearchAction\",\"target\":{\"@type\":\"EntryPoint\",\"urlTemplate\":\"https:\/\/www.oenofrance.com\/de\/?s={search_term_string}\"},\"query-input\":{\"@type\":\"PropertyValueSpecification\",\"valueRequired\":true,\"valueName\":\"search_term_string\"}}],\"inLanguage\":\"de\"},{\"@type\":\"Organization\",\"@id\":\"https:\/\/www.oenofrance.com\/de\/#organization\",\"name\":\"Oenofrance\",\"url\":\"https:\/\/www.oenofrance.com\/de\/\",\"logo\":{\"@type\":\"ImageObject\",\"inLanguage\":\"de\",\"@id\":\"https:\/\/www.oenofrance.com\/de\/#\/schema\/logo\/image\/\",\"url\":\"https:\/\/www.oenofrance.com\/uploads\/2024\/05\/logo-oenofrance.svg\",\"contentUrl\":\"https:\/\/www.oenofrance.com\/uploads\/2024\/05\/logo-oenofrance.svg\",\"width\":338,\"height\":65,\"caption\":\"Oenofrance\"},\"image\":{\"@id\":\"https:\/\/www.oenofrance.com\/de\/#\/schema\/logo\/image\/\"}}]}<\/script>\n<!-- \/ Yoast SEO plugin. -->","yoast_head_json":{"title":"CGU - Oenofrance","robots":{"index":"noindex","follow":"follow"},"og_locale":"de_DE","og_type":"article","og_title":"CGU - Oenofrance","og_url":"https:\/\/www.oenofrance.com\/de\/cgu\/","og_site_name":"Oenofrance","article_modified_time":"2025-01-09T08:01:07+00:00","twitter_card":"summary_large_image","twitter_misc":{"Gesch\u00e4tzte Lesezeit":"11\u00a0Minuten"},"schema":{"@context":"https:\/\/schema.org","@graph":[{"@type":"WebPage","@id":"https:\/\/www.oenofrance.com\/de\/cgu\/","url":"https:\/\/www.oenofrance.com\/de\/cgu\/","name":"CGU - Oenofrance","isPartOf":{"@id":"https:\/\/www.oenofrance.com\/de\/#website"},"datePublished":"2024-05-21T06:34:08+00:00","dateModified":"2025-01-09T08:01:07+00:00","breadcrumb":{"@id":"https:\/\/www.oenofrance.com\/de\/cgu\/#breadcrumb"},"inLanguage":"de","potentialAction":[{"@type":"ReadAction","target":["https:\/\/www.oenofrance.com\/de\/cgu\/"]}]},{"@type":"BreadcrumbList","@id":"https:\/\/www.oenofrance.com\/de\/cgu\/#breadcrumb","itemListElement":[{"@type":"ListItem","position":1,"name":"Accueil","item":"https:\/\/www.oenofrance.com\/de\/"},{"@type":"ListItem","position":2,"name":"CGU"}]},{"@type":"WebSite","@id":"https:\/\/www.oenofrance.com\/de\/#website","url":"https:\/\/www.oenofrance.com\/de\/","name":"Oenofrance","description":"","publisher":{"@id":"https:\/\/www.oenofrance.com\/de\/#organization"},"potentialAction":[{"@type":"SearchAction","target":{"@type":"EntryPoint","urlTemplate":"https:\/\/www.oenofrance.com\/de\/?s={search_term_string}"},"query-input":{"@type":"PropertyValueSpecification","valueRequired":true,"valueName":"search_term_string"}}],"inLanguage":"de"},{"@type":"Organization","@id":"https:\/\/www.oenofrance.com\/de\/#organization","name":"Oenofrance","url":"https:\/\/www.oenofrance.com\/de\/","logo":{"@type":"ImageObject","inLanguage":"de","@id":"https:\/\/www.oenofrance.com\/de\/#\/schema\/logo\/image\/","url":"https:\/\/www.oenofrance.com\/uploads\/2024\/05\/logo-oenofrance.svg","contentUrl":"https:\/\/www.oenofrance.com\/uploads\/2024\/05\/logo-oenofrance.svg","width":338,"height":65,"caption":"Oenofrance"},"image":{"@id":"https:\/\/www.oenofrance.com\/de\/#\/schema\/logo\/image\/"}}]}},"_links":{"self":[{"href":"https:\/\/www.oenofrance.com\/de\/wp-json\/wp\/v2\/pages\/624"}],"collection":[{"href":"https:\/\/www.oenofrance.com\/de\/wp-json\/wp\/v2\/pages"}],"about":[{"href":"https:\/\/www.oenofrance.com\/de\/wp-json\/wp\/v2\/types\/page"}],"author":[{"embeddable":true,"href":"https:\/\/www.oenofrance.com\/de\/wp-json\/wp\/v2\/users\/1"}],"replies":[{"embeddable":true,"href":"https:\/\/www.oenofrance.com\/de\/wp-json\/wp\/v2\/comments?post=624"}],"version-history":[{"count":0,"href":"https:\/\/www.oenofrance.com\/de\/wp-json\/wp\/v2\/pages\/624\/revisions"}],"wp:attachment":[{"href":"https:\/\/www.oenofrance.com\/de\/wp-json\/wp\/v2\/media?parent=624"}],"curies":[{"name":"wp","href":"https:\/\/api.w.org\/{rel}","templated":true}]}}