{"id":258,"date":"2024-05-06T10:19:33","date_gmt":"2024-05-06T08:19:33","guid":{"rendered":"https:\/\/onefrance.ae2agence.ovh\/?page_id=258"},"modified":"2024-09-23T16:19:59","modified_gmt":"2024-09-23T14:19:59","slug":"nos-innovations","status":"publish","type":"page","link":"https:\/\/www.oenofrance.com\/es\/nuestras-innovaciones\/","title":{"rendered":"Nuestras innovaciones"},"content":{"rendered":"<style type=\"text\/css\" data-created_by=\"avia_inline_auto\" id=\"style-css-av-lvv22t8s-380fb9ad2c52a710b0f12e06a7e0cade\">\n.avia-section.av-lvv22t8s-380fb9ad2c52a710b0f12e06a7e0cade{\nbackground-repeat:no-repeat;\nbackground-image:url(https:\/\/www.oenofrance.com\/uploads\/2024\/05\/Nos-innovations.jpg);\nbackground-position:50% 50%;\nbackground-attachment:scroll;\n}\n<\/style>\n<div id='av_section_1'  class='avia-section av-lvv22t8s-380fb9ad2c52a710b0f12e06a7e0cade main_color avia-section-default avia-no-border-styling  avia-builder-el-0  el_before_av_section  avia-builder-el-first  header-type-withbg avia-full-stretch avia-bg-style-scroll av-minimum-height av-minimum-height-custom av-height-custom  container_wrap fullsize'  data-section-bg-repeat='stretch' data-av_minimum_height_px='290'><div class='container av-section-cont-open' style='height:290px'><main  role=\"main\" itemprop=\"mainContentOfPage\"  class='template-page content  av-content-full alpha units'><div class='post-entry post-entry-type-page post-entry-258'><div class='entry-content-wrapper clearfix'>\n<div  class='flex_column av-1ade6y-03876a2fa7dfe772904ea05fe7ac173c av_one_full  avia-builder-el-1  avia-builder-el-no-sibling  first no_margin flex_column_div'     ><section  class='av_textblock_section av-lvv221ob-14a67053a261254f52f3bd6522b83c7f'   itemscope=\"itemscope\" itemtype=\"https:\/\/schema.org\/CreativeWork\" ><div class='avia_textblock hd-parttitle'  itemprop=\"text\" ><div class=\"sup-title\">Nuestras innovaciones<\/div>\n<h1 class=\" translation-block\">Un viaje que empez\u00f3 <br> hace m\u00e1s de 80 a\u00f1os.<\/h1>\n<div id=\"gtx-trans\" style=\"position: absolute; left: 5px; top: 26.7656px;\">\n<div class=\"gtx-trans-icon\"><\/div>\n<\/div>\n<\/div><\/section><\/div>\n\n<\/div><\/div><\/main><!-- close content main element --><\/div><\/div>\n<style type=\"text\/css\" data-created_by=\"avia_inline_auto\" id=\"style-css-av-111zci-84220a32b39ced48a6e0771b098ab42e\">\n.avia-section.av-111zci-84220a32b39ced48a6e0771b098ab42e{\nbackground-repeat:repeat;\nbackground-image:url(https:\/\/www.oenofrance.com\/uploads\/2024\/05\/background-oenofrance.svg);\nbackground-position:50% 0%;\nbackground-attachment:scroll;\n}\n<\/style>\n<div id='av_section_2'  class='avia-section av-111zci-84220a32b39ced48a6e0771b098ab42e main_color avia-section-default avia-no-border-styling  avia-builder-el-3  el_after_av_section  el_before_av_section  avia-bg-style-scroll container_wrap fullsize'  data-section-bg-repeat='repeat'><div class='container av-section-cont-open' ><div class='template-page content  av-content-full alpha units'><div class='post-entry post-entry-type-page post-entry-258'><div class='entry-content-wrapper clearfix'>\n<div  class='flex_column av-umtl6-3a62249ec703516880581b9cabf4afc8 av_one_full  avia-builder-el-4  avia-builder-el-no-sibling  first flex_column_div'     ><\/div>\n\n<\/div><\/div><\/div><!-- close content main div --><\/div><\/div>\n<style type=\"text\/css\" data-created_by=\"avia_inline_auto\" id=\"style-css-av-7i9e-91f1b4b004e1c52da2bc98b44b14fb5c\">\n.avia-section.av-7i9e-91f1b4b004e1c52da2bc98b44b14fb5c{\nbackground-color:#fdf1df;\nbackground-image:unset;\n}\n<\/style>\n<div id='av_section_3'  class='avia-section av-7i9e-91f1b4b004e1c52da2bc98b44b14fb5c main_color avia-section-default avia-no-border-styling  avia-builder-el-6  el_after_av_section  avia-builder-el-last  yellow-section avia-bg-style-scroll container_wrap fullsize'  ><div class='container av-section-cont-open' ><div class='template-page content  av-content-full alpha units'><div class='post-entry post-entry-type-page post-entry-258'><div class='entry-content-wrapper clearfix'>\n\n<style type=\"text\/css\" data-created_by=\"avia_inline_auto\" id=\"style-css-av-lvv237km-226c02a09c6d7b0824262f8d4dd39d5e\">\n#top .flex_column.av-lvv237km-226c02a09c6d7b0824262f8d4dd39d5e{\nmargin-top:20px;\nmargin-bottom:-20px;\n}\n.responsive #top #wrap_all .flex_column.av-lvv237km-226c02a09c6d7b0824262f8d4dd39d5e{\nmargin-top:20px;\nmargin-bottom:-20px;\n}\n<\/style>\n<div  class='flex_column av-lvv237km-226c02a09c6d7b0824262f8d4dd39d5e av_one_full  avia-builder-el-7  avia-builder-el-no-sibling  first flex_column_div'     ><section  class='av_textblock_section av-gk7xm-2609d22ac49980559fa4c55134d8eb58'   itemscope=\"itemscope\" itemtype=\"https:\/\/schema.org\/CreativeWork\" ><div class='avia_textblock titlehn-typecontent'  itemprop=\"text\" ><h2 style=\"text-align: center;\"><strong>Innovaciones desde hace m\u00e1s de 80 a\u00f1os<\/strong><\/h2>\n<div id=\"gtx-trans\" style=\"position: absolute; left: 227px; top: 55.2344px;\">\n<div class=\"gtx-trans-icon\"><\/div>\n<\/div>\n<\/div><\/section><br \/>\n<section  class='av_textblock_section av-amm4a-b3f0839e85ff3d3dfca565334e57424c'   itemscope=\"itemscope\" itemtype=\"https:\/\/schema.org\/CreativeWork\" ><div class='avia_textblock max-width-txt'  itemprop=\"text\" ><p><img decoding=\"async\" style=\"border-radius: 10px !important; display: block;\" src=\"https:\/\/www.oenofrance.com\/uploads\/2024\/09\/stockage-innovation-oenofrance-1030x687.jpg\" \/><\/p>\n<\/div><\/section><br \/>\n<section  class='av_textblock_section av-9idte-33220f8a54ca4917f08f73dd9dbb54b9'   itemscope=\"itemscope\" itemtype=\"https:\/\/schema.org\/CreativeWork\" ><div class='avia_textblock max-width-txt'  itemprop=\"text\" ><div class=\"ewa-rteLine\" style=\"text-align: center;\">Distintos profesionales colaboran estrechamente: en\u00f3logos especialistas en el proceso, doctores en microbiolog\u00eda, etc.\nEsta diversidad es esencial para comprender tanto los fundamentos como los aspectos pr\u00e1cticos.<\/div>\n<div class=\"ewa-rteLine\" style=\"text-align: center;\">Gracias a las instalaciones de la BODEGA EXPERIMENTAL DE MONTAGNAC, el departamento de I+D+i puede realizar ensayos en bodega en peque\u00f1os vol\u00famenes, y para grandes vol\u00famenes utiliza las instalaciones de clientes colaboradores.<\/div>\n<div style=\"text-align: center;\"><span style=\"text-decoration: underline;\"><a href=\"https:\/\/www.sofralab.com\/\" target=\"_blank\" rel=\"noopener\"><em>M\u00e1s informaci\u00f3n<\/em><\/a><\/span><\/div>\n<\/div><\/section><\/p><\/div>","protected":false},"excerpt":{"rendered":"","protected":false},"author":1,"featured_media":0,"parent":0,"menu_order":0,"comment_status":"closed","ping_status":"closed","template":"","meta":{"_acf_changed":false,"inline_featured_image":false,"footnotes":""},"class_list":["post-258","page","type-page","status-publish","hentry"],"acf":[],"yoast_head":"<!-- This site is optimized with the Yoast SEO plugin v24.6 - https:\/\/yoast.com\/wordpress\/plugins\/seo\/ -->\n<title>Nos innovations | Oenofrance<\/title>\n<meta name=\"description\" content=\"D\u00e9couvrez le parcours d&#039;OENOFRANCE\u00ae : 80 ans d&#039;innovation au service du vin et gr\u00e2ce \u00e0 la collaboration de diff\u00e9rents m\u00e9tiers.\" \/>\n<meta name=\"robots\" content=\"index, follow, max-snippet:-1, max-image-preview:large, max-video-preview:-1\" \/>\n<link rel=\"canonical\" href=\"https:\/\/www.oenofrance.com\/es\/nuestras-innovaciones\/\" \/>\n<meta property=\"og:locale\" content=\"es_ES\" \/>\n<meta property=\"og:type\" content=\"article\" \/>\n<meta property=\"og:title\" content=\"Nos innovations | Oenofrance\" \/>\n<meta property=\"og:description\" content=\"D\u00e9couvrez le parcours d&#039;OENOFRANCE\u00ae : 80 ans d&#039;innovation au service du vin et gr\u00e2ce \u00e0 la collaboration de diff\u00e9rents m\u00e9tiers.\" \/>\n<meta property=\"og:url\" content=\"https:\/\/www.oenofrance.com\/es\/nuestras-innovaciones\/\" \/>\n<meta property=\"og:site_name\" content=\"Oenofrance\" \/>\n<meta property=\"article:modified_time\" content=\"2024-09-23T14:19:59+00:00\" \/>\n<meta property=\"og:image\" content=\"https:\/\/www.oenofrance.com\/uploads\/2024\/09\/stockage-innovation-oenofrance-1030x687.jpg\" \/>\n<meta name=\"twitter:card\" content=\"summary_large_image\" \/>\n<meta name=\"twitter:label1\" content=\"Tiempo de lectura\" \/>\n\t<meta name=\"twitter:data1\" content=\"1 minuto\" \/>\n<script type=\"application\/ld+json\" class=\"yoast-schema-graph\">{\"@context\":\"https:\/\/schema.org\",\"@graph\":[{\"@type\":\"WebPage\",\"@id\":\"https:\/\/www.oenofrance.com\/es\/nuestras-innovaciones\/\",\"url\":\"https:\/\/www.oenofrance.com\/es\/nuestras-innovaciones\/\",\"name\":\"Nos innovations | Oenofrance\",\"isPartOf\":{\"@id\":\"https:\/\/www.oenofrance.com\/es\/#website\"},\"primaryImageOfPage\":{\"@id\":\"https:\/\/www.oenofrance.com\/es\/nuestras-innovaciones\/#primaryimage\"},\"image\":{\"@id\":\"https:\/\/www.oenofrance.com\/es\/nuestras-innovaciones\/#primaryimage\"},\"thumbnailUrl\":\"https:\/\/www.oenofrance.com\/uploads\/2024\/09\/stockage-innovation-oenofrance-1030x687.jpg\",\"datePublished\":\"2024-05-06T08:19:33+00:00\",\"dateModified\":\"2024-09-23T14:19:59+00:00\",\"description\":\"D\u00e9couvrez le parcours d'OENOFRANCE\u00ae : 80 ans d'innovation au service du vin et gr\u00e2ce \u00e0 la collaboration de diff\u00e9rents m\u00e9tiers.\",\"breadcrumb\":{\"@id\":\"https:\/\/www.oenofrance.com\/es\/nuestras-innovaciones\/#breadcrumb\"},\"inLanguage\":\"es\",\"potentialAction\":[{\"@type\":\"ReadAction\",\"target\":[\"https:\/\/www.oenofrance.com\/es\/nuestras-innovaciones\/\"]}]},{\"@type\":\"ImageObject\",\"inLanguage\":\"es\",\"@id\":\"https:\/\/www.oenofrance.com\/es\/nuestras-innovaciones\/#primaryimage\",\"url\":\"https:\/\/www.oenofrance.com\/uploads\/2024\/09\/stockage-innovation-oenofrance-1030x687.jpg\",\"contentUrl\":\"https:\/\/www.oenofrance.com\/uploads\/2024\/09\/stockage-innovation-oenofrance-1030x687.jpg\"},{\"@type\":\"BreadcrumbList\",\"@id\":\"https:\/\/www.oenofrance.com\/es\/nuestras-innovaciones\/#breadcrumb\",\"itemListElement\":[{\"@type\":\"ListItem\",\"position\":1,\"name\":\"Accueil\",\"item\":\"https:\/\/www.oenofrance.com\/es\/\"},{\"@type\":\"ListItem\",\"position\":2,\"name\":\"Nos innovations\"}]},{\"@type\":\"WebSite\",\"@id\":\"https:\/\/www.oenofrance.com\/es\/#website\",\"url\":\"https:\/\/www.oenofrance.com\/es\/\",\"name\":\"Oenofrance\",\"description\":\"\",\"publisher\":{\"@id\":\"https:\/\/www.oenofrance.com\/es\/#organization\"},\"potentialAction\":[{\"@type\":\"SearchAction\",\"target\":{\"@type\":\"EntryPoint\",\"urlTemplate\":\"https:\/\/www.oenofrance.com\/es\/?s={search_term_string}\"},\"query-input\":{\"@type\":\"PropertyValueSpecification\",\"valueRequired\":true,\"valueName\":\"search_term_string\"}}],\"inLanguage\":\"es\"},{\"@type\":\"Organization\",\"@id\":\"https:\/\/www.oenofrance.com\/es\/#organization\",\"name\":\"Oenofrance\",\"url\":\"https:\/\/www.oenofrance.com\/es\/\",\"logo\":{\"@type\":\"ImageObject\",\"inLanguage\":\"es\",\"@id\":\"https:\/\/www.oenofrance.com\/es\/#\/schema\/logo\/image\/\",\"url\":\"https:\/\/www.oenofrance.com\/uploads\/2024\/05\/logo-oenofrance.svg\",\"contentUrl\":\"https:\/\/www.oenofrance.com\/uploads\/2024\/05\/logo-oenofrance.svg\",\"width\":338,\"height\":65,\"caption\":\"Oenofrance\"},\"image\":{\"@id\":\"https:\/\/www.oenofrance.com\/es\/#\/schema\/logo\/image\/\"}}]}<\/script>\n<!-- \/ Yoast SEO plugin. -->","yoast_head_json":{"title":"Nos innovations | Oenofrance","description":"D\u00e9couvrez le parcours d'OENOFRANCE\u00ae : 80 ans d'innovation au service du vin et gr\u00e2ce \u00e0 la collaboration de diff\u00e9rents m\u00e9tiers.","robots":{"index":"index","follow":"follow","max-snippet":"max-snippet:-1","max-image-preview":"max-image-preview:large","max-video-preview":"max-video-preview:-1"},"canonical":"https:\/\/www.oenofrance.com\/es\/nuestras-innovaciones\/","og_locale":"es_ES","og_type":"article","og_title":"Nos innovations | Oenofrance","og_description":"D\u00e9couvrez le parcours d'OENOFRANCE\u00ae : 80 ans d'innovation au service du vin et gr\u00e2ce \u00e0 la collaboration de diff\u00e9rents m\u00e9tiers.","og_url":"https:\/\/www.oenofrance.com\/es\/nuestras-innovaciones\/","og_site_name":"Oenofrance","article_modified_time":"2024-09-23T14:19:59+00:00","og_image":[{"url":"https:\/\/www.oenofrance.com\/uploads\/2024\/09\/stockage-innovation-oenofrance-1030x687.jpg","type":"","width":"","height":""}],"twitter_card":"summary_large_image","twitter_misc":{"Tiempo de lectura":"1 minuto"},"schema":{"@context":"https:\/\/schema.org","@graph":[{"@type":"WebPage","@id":"https:\/\/www.oenofrance.com\/es\/nuestras-innovaciones\/","url":"https:\/\/www.oenofrance.com\/es\/nuestras-innovaciones\/","name":"Nos innovations | Oenofrance","isPartOf":{"@id":"https:\/\/www.oenofrance.com\/es\/#website"},"primaryImageOfPage":{"@id":"https:\/\/www.oenofrance.com\/es\/nuestras-innovaciones\/#primaryimage"},"image":{"@id":"https:\/\/www.oenofrance.com\/es\/nuestras-innovaciones\/#primaryimage"},"thumbnailUrl":"https:\/\/www.oenofrance.com\/uploads\/2024\/09\/stockage-innovation-oenofrance-1030x687.jpg","datePublished":"2024-05-06T08:19:33+00:00","dateModified":"2024-09-23T14:19:59+00:00","description":"D\u00e9couvrez le parcours d'OENOFRANCE\u00ae : 80 ans d'innovation au service du vin et gr\u00e2ce \u00e0 la collaboration de diff\u00e9rents m\u00e9tiers.","breadcrumb":{"@id":"https:\/\/www.oenofrance.com\/es\/nuestras-innovaciones\/#breadcrumb"},"inLanguage":"es","potentialAction":[{"@type":"ReadAction","target":["https:\/\/www.oenofrance.com\/es\/nuestras-innovaciones\/"]}]},{"@type":"ImageObject","inLanguage":"es","@id":"https:\/\/www.oenofrance.com\/es\/nuestras-innovaciones\/#primaryimage","url":"https:\/\/www.oenofrance.com\/uploads\/2024\/09\/stockage-innovation-oenofrance-1030x687.jpg","contentUrl":"https:\/\/www.oenofrance.com\/uploads\/2024\/09\/stockage-innovation-oenofrance-1030x687.jpg"},{"@type":"BreadcrumbList","@id":"https:\/\/www.oenofrance.com\/es\/nuestras-innovaciones\/#breadcrumb","itemListElement":[{"@type":"ListItem","position":1,"name":"Accueil","item":"https:\/\/www.oenofrance.com\/es\/"},{"@type":"ListItem","position":2,"name":"Nos innovations"}]},{"@type":"WebSite","@id":"https:\/\/www.oenofrance.com\/es\/#website","url":"https:\/\/www.oenofrance.com\/es\/","name":"Oenofrance","description":"","publisher":{"@id":"https:\/\/www.oenofrance.com\/es\/#organization"},"potentialAction":[{"@type":"SearchAction","target":{"@type":"EntryPoint","urlTemplate":"https:\/\/www.oenofrance.com\/es\/?s={search_term_string}"},"query-input":{"@type":"PropertyValueSpecification","valueRequired":true,"valueName":"search_term_string"}}],"inLanguage":"es"},{"@type":"Organization","@id":"https:\/\/www.oenofrance.com\/es\/#organization","name":"Oenofrance","url":"https:\/\/www.oenofrance.com\/es\/","logo":{"@type":"ImageObject","inLanguage":"es","@id":"https:\/\/www.oenofrance.com\/es\/#\/schema\/logo\/image\/","url":"https:\/\/www.oenofrance.com\/uploads\/2024\/05\/logo-oenofrance.svg","contentUrl":"https:\/\/www.oenofrance.com\/uploads\/2024\/05\/logo-oenofrance.svg","width":338,"height":65,"caption":"Oenofrance"},"image":{"@id":"https:\/\/www.oenofrance.com\/es\/#\/schema\/logo\/image\/"}}]}},"_links":{"self":[{"href":"https:\/\/www.oenofrance.com\/es\/wp-json\/wp\/v2\/pages\/258"}],"collection":[{"href":"https:\/\/www.oenofrance.com\/es\/wp-json\/wp\/v2\/pages"}],"about":[{"href":"https:\/\/www.oenofrance.com\/es\/wp-json\/wp\/v2\/types\/page"}],"author":[{"embeddable":true,"href":"https:\/\/www.oenofrance.com\/es\/wp-json\/wp\/v2\/users\/1"}],"replies":[{"embeddable":true,"href":"https:\/\/www.oenofrance.com\/es\/wp-json\/wp\/v2\/comments?post=258"}],"version-history":[{"count":0,"href":"https:\/\/www.oenofrance.com\/es\/wp-json\/wp\/v2\/pages\/258\/revisions"}],"wp:attachment":[{"href":"https:\/\/www.oenofrance.com\/es\/wp-json\/wp\/v2\/media?parent=258"}],"curies":[{"name":"wp","href":"https:\/\/api.w.org\/{rel}","templated":true}]}}