{"id":260,"date":"2024-05-06T10:19:48","date_gmt":"2024-05-06T08:19:48","guid":{"rendered":"https:\/\/onefrance.ae2agence.ovh\/?page_id=260"},"modified":"2025-02-10T15:48:09","modified_gmt":"2025-02-10T14:48:09","slug":"demarche-bio","status":"publish","type":"page","link":"https:\/\/www.oenofrance.com\/es\/enfoque-eco\/","title":{"rendered":"Enfoque eco"},"content":{"rendered":"<style type=\"text\/css\" data-created_by=\"avia_inline_auto\" id=\"style-css-av-40d2c4-4381db4afac530c0128dab99f226d8f3\">\n.avia-section.av-40d2c4-4381db4afac530c0128dab99f226d8f3{\nbackground-repeat:no-repeat;\nbackground-image:url(https:\/\/www.oenofrance.com\/uploads\/2024\/09\/OF-visuel-demarche-bio-1030x686.jpg);\nbackground-position:50% 50%;\nbackground-attachment:scroll;\n}\n<\/style>\n<div id='av_section_1'  class='avia-section av-40d2c4-4381db4afac530c0128dab99f226d8f3 main_color avia-section-default avia-no-border-styling  avia-builder-el-0  el_before_av_section  avia-builder-el-first  header-type-withbg avia-full-stretch avia-bg-style-scroll av-minimum-height av-minimum-height-custom av-height-custom  container_wrap fullsize'  data-section-bg-repeat='stretch' data-av_minimum_height_px='290'><div class='container av-section-cont-open' style='height:290px'><main  role=\"main\" itemprop=\"mainContentOfPage\"  class='template-page content  av-content-full alpha units'><div class='post-entry post-entry-type-page post-entry-260'><div class='entry-content-wrapper clearfix'>\n<div  class='flex_column av-3tsob0-06e2a479ee70f790329cecc9980f91fd av_one_full  avia-builder-el-1  avia-builder-el-no-sibling  first no_margin flex_column_div'     ><section  class='av_textblock_section av-lw4ndift-58956c4dbc139f1013600c3eec21a24c'   itemscope=\"itemscope\" itemtype=\"https:\/\/schema.org\/CreativeWork\" ><div class='avia_textblock hd-parttitle'  itemprop=\"text\" ><div class=\"sup-title\">Notre d\u00e9marche<\/div>\n<h1>Enfoque eco<\/h1>\n<\/div><\/section><\/div>\n\n<\/div><\/div><\/main><!-- close content main element --><\/div><\/div>\n<style type=\"text\/css\" data-created_by=\"avia_inline_auto\" id=\"style-css-av-3st2o4-ab2cf87cc773f8b4ba1bcfe495d75938\">\n.avia-section.av-3st2o4-ab2cf87cc773f8b4ba1bcfe495d75938{\nbackground-repeat:repeat;\nbackground-image:url(https:\/\/www.oenofrance.com\/uploads\/2024\/05\/background-oenofrance.svg);\nbackground-position:50% 0%;\nbackground-attachment:scroll;\nmargin-top:0px;\nmargin-bottom:0px;\n}\n<\/style>\n<div id='av_section_2'  class='avia-section av-3st2o4-ab2cf87cc773f8b4ba1bcfe495d75938 main_color avia-section-default avia-no-border-styling  avia-builder-el-3  el_after_av_section  avia-builder-el-last  maxwidth-medium avia-bg-style-scroll container_wrap fullsize'  data-section-bg-repeat='repeat'><div class='container av-section-cont-open' ><div class='template-page content  av-content-full alpha units'><div class='post-entry post-entry-type-page post-entry-260'><div class='entry-content-wrapper clearfix'>\n<div class='flex_column_table av-3j7rcc-7b40fb0d9664c32c8e42e912c8cb3dc5 sc-av_one_half av-equal-height-column-flextable'>\n<style type=\"text\/css\" data-created_by=\"avia_inline_auto\" id=\"style-css-av-3j7rcc-7b40fb0d9664c32c8e42e912c8cb3dc5\">\n#top .flex_column_table.av-equal-height-column-flextable.av-3j7rcc-7b40fb0d9664c32c8e42e912c8cb3dc5{\nmargin-top:70px;\nmargin-bottom:0px;\n}\n.flex_column.av-3j7rcc-7b40fb0d9664c32c8e42e912c8cb3dc5{\nwidth:47.5%;\nmargin-left:0;\n}\n#top .flex_column_table.av-equal-height-column-flextable.av-3j7rcc-7b40fb0d9664c32c8e42e912c8cb3dc5 .av-flex-placeholder{\nwidth:5%;\n}\n<\/style>\n<div  class='flex_column av-3j7rcc-7b40fb0d9664c32c8e42e912c8cb3dc5 av_one_half  avia-builder-el-4  el_before_av_one_half  avia-builder-el-first  part-txtbgw first flex_column_table_cell av-equal-height-column av-align-middle'     ><section  class='av_textblock_section av-lz2o7f6u-d93600d4553ec8b8b843f734a72c6141'   itemscope=\"itemscope\" itemtype=\"https:\/\/schema.org\/CreativeWork\" ><div class='avia_textblock'  itemprop=\"text\" ><h2>CONSULTA LA LISTA DE PRODUCTOS AUTORIZADOS<\/h2>\n<\/div><\/section><br \/>\n<section  class='av_textblock_section av-3827bo-c2dc42063321158387d598cb300c4681'   itemscope=\"itemscope\" itemtype=\"https:\/\/schema.org\/CreativeWork\" ><div class='avia_textblock text-hight'  itemprop=\"text\" ><p>Hoy en d\u00eda los consumidores est\u00e1n cada vez m\u00e1s preocupados por la calidad de los productos que consumen, y esto incluye tambi\u00e9n al sector vitivin\u00edcola. La demanda de vinos ecol\u00f3gicos ha crecido y el porcentaje de bodegas que producen vinos ecol\u00f3gicos aumenta considerablemente a\u00f1o tras a\u00f1o. En OENOFRANCE\u00ae, m\u00e1s del 80 % de nuestros productos pueden utilizarse en producci\u00f3n ecol\u00f3gica.<\/p>\n<\/div><\/section><br \/>\n<section  class='av_textblock_section av-241ics-dc68f3257da424072e932d10a7824624'   itemscope=\"itemscope\" itemtype=\"https:\/\/schema.org\/CreativeWork\" ><div class='avia_textblock text-hight'  itemprop=\"text\" ><p>OENOFRANCE\u00ae, a trav\u00e9s de sus asesores enol\u00f3gicos, alenta esta demanda acompa\u00f1ando a los elaboradores de vinos ecol\u00f3gicos. Actualmente, con la reciente normativa europea que regula la producci\u00f3n de vinos ecol\u00f3gicos, este apoyo espec\u00edfico se ve reforzado con:<\/p>\n<ul>\n<li class=\" translation-block\">une assistance technique experte pour \u00e9laborer les vins suivant la r\u00e8glementation Bio europ\u00e9enne (r\u00e8glements <span data-teams=\"true\">UE 834\/2007 et UE 2021\/1165)<\/span>, le r\u00e8glement NOP (National Organic Program)<\/li>\n<li>una amplia selecci\u00f3n de productos enol\u00f3gicos OENOFRANCE\u00ae conformes con las normativas ecol\u00f3gicas europea y americana.<\/li>\n<\/ul>\n<div class=\"buttonstyle-oenef style1\"><a href=\"https:\/\/ap.ecocert.com\/intrants\/fournisseur.php?id=934\" target=\"_blank\" rel=\"noopener\">Lista de productos<\/a><\/div>\n<\/div><\/section><\/p><\/div><div class='av-flex-placeholder'><\/div>\n<style type=\"text\/css\" data-created_by=\"avia_inline_auto\" id=\"style-css-av-34wpoc-390f10e83624f23d2cc3a46bdd55f28c\">\n#top .flex_column_table.av-equal-height-column-flextable.av-34wpoc-390f10e83624f23d2cc3a46bdd55f28c{\nmargin-top:70px;\nmargin-bottom:0px;\n}\n.flex_column.av-34wpoc-390f10e83624f23d2cc3a46bdd55f28c{\nwidth:47.5%;\nmargin-left:0;\n}\n#top .flex_column_table.av-equal-height-column-flextable.av-34wpoc-390f10e83624f23d2cc3a46bdd55f28c .av-flex-placeholder{\nwidth:5%;\n}\n<\/style>\n<div  class='flex_column av-34wpoc-390f10e83624f23d2cc3a46bdd55f28c av_one_half  avia-builder-el-8  el_after_av_one_half  el_before_av_one_half  imgbordered flex_column_table_cell av-equal-height-column av-align-middle'     ><p>\n<style type=\"text\/css\" data-created_by=\"avia_inline_auto\" id=\"style-css-av-lz2ohfji-be8d380cf92612c0f36684d0446dc905\">\n.avia-image-container.av-lz2ohfji-be8d380cf92612c0f36684d0446dc905 img.avia_image{\nbox-shadow:none;\n}\n.avia-image-container.av-lz2ohfji-be8d380cf92612c0f36684d0446dc905 .av-image-caption-overlay-center{\ncolor:#ffffff;\n}\n<\/style>\n<div  class='avia-image-container av-lz2ohfji-be8d380cf92612c0f36684d0446dc905 av-styling- avia-align-center  avia-builder-el-9  el_before_av_textblock  avia-builder-el-first'   itemprop=\"image\" itemscope=\"itemscope\" itemtype=\"https:\/\/schema.org\/ImageObject\" ><div class=\"avia-image-container-inner\"><div class=\"avia-image-overlay-wrap\"><img decoding=\"async\" fetchpriority=\"high\" class='wp-image-1978 avia-img-lazy-loading-not-1978 avia_image' src=\"https:\/\/www.oenofrance.com\/uploads\/2024\/07\/ES.-GREEN-CARE-ALLIANCE-TR.png\" alt='' title='ES. GREEN CARE ALLIANCE TR'  height=\"600\" width=\"800\"  itemprop=\"thumbnailUrl\" srcset=\"https:\/\/www.oenofrance.com\/uploads\/2024\/07\/ES.-GREEN-CARE-ALLIANCE-TR.png 800w, https:\/\/www.oenofrance.com\/uploads\/2024\/07\/ES.-GREEN-CARE-ALLIANCE-TR-300x225.png 300w, https:\/\/www.oenofrance.com\/uploads\/2024\/07\/ES.-GREEN-CARE-ALLIANCE-TR-768x576.png 768w, https:\/\/www.oenofrance.com\/uploads\/2024\/07\/ES.-GREEN-CARE-ALLIANCE-TR-16x12.png 16w, https:\/\/www.oenofrance.com\/uploads\/2024\/07\/ES.-GREEN-CARE-ALLIANCE-TR-705x529.png 705w\" sizes=\"(max-width: 800px) 100vw, 800px\" \/><\/div><\/div><\/div><br \/>\n<section  class='av_textblock_section av-lz2o489i-60cee5bf17fe1b1e4517fb9f3607eb30'   itemscope=\"itemscope\" itemtype=\"https:\/\/schema.org\/CreativeWork\" ><div class='avia_textblock text-hight'  itemprop=\"text\" ><p class=\" translation-block\">Desde OENOFRANCE\u00ae queremos contribuir a este auge de los vinos ecol\u00f3gicos a trav\u00e9s de nuestra oferta de servicios y productos enol\u00f3gicos. Para ello hemos adoptado un verdadero enfoque ecol\u00f3gico: Green Care Alliance.<\/p>\n<\/div><\/section><\/p><\/div><\/div><!--close column table wrapper. Autoclose: 1 --><div class='flex_column_table av-2q0vjw-2cc9b508974360384e1b0a525a1dddef sc-av_one_half av-mobile-columns-flex av-columns-reverse av-equal-height-column-flextable'>\n<style type=\"text\/css\" data-created_by=\"avia_inline_auto\" id=\"style-css-av-2q0vjw-2cc9b508974360384e1b0a525a1dddef\">\n#top .flex_column_table.av-equal-height-column-flextable.av-2q0vjw-2cc9b508974360384e1b0a525a1dddef{\nmargin-top:95px;\nmargin-bottom:50px;\n}\n.flex_column.av-2q0vjw-2cc9b508974360384e1b0a525a1dddef{\nwidth:47.5%;\nmargin-left:0;\n}\n#top .flex_column_table.av-equal-height-column-flextable.av-2q0vjw-2cc9b508974360384e1b0a525a1dddef .av-flex-placeholder{\nwidth:5%;\n}\n<\/style>\n<div  class='flex_column av-2q0vjw-2cc9b508974360384e1b0a525a1dddef av_one_half  avia-builder-el-11  el_after_av_one_half  el_before_av_one_half  imgbordered first flex_column_table_cell av-equal-height-column av-align-middle  column-top-margin'     ><section  class='av_textblock_section av-2mc1x0-6a7431670d2855490f15002aa3c83789'   itemscope=\"itemscope\" itemtype=\"https:\/\/schema.org\/CreativeWork\" ><div class='avia_textblock'  itemprop=\"text\" ><p><img loading=\"lazy\" decoding=\"async\" class=\"alignnone wp-image-1976 size-full\" src=\"https:\/\/www.oenofrance.com\/uploads\/2024\/07\/logo-Ecocert-2.png\" alt=\"\" width=\"800\" height=\"600\" srcset=\"https:\/\/www.oenofrance.com\/uploads\/2024\/07\/logo-Ecocert-2.png 800w, https:\/\/www.oenofrance.com\/uploads\/2024\/07\/logo-Ecocert-2-300x225.png 300w, https:\/\/www.oenofrance.com\/uploads\/2024\/07\/logo-Ecocert-2-768x576.png 768w, https:\/\/www.oenofrance.com\/uploads\/2024\/07\/logo-Ecocert-2-16x12.png 16w, https:\/\/www.oenofrance.com\/uploads\/2024\/07\/logo-Ecocert-2-705x529.png 705w\" sizes=\"(max-width: 800px) 100vw, 800px\" \/><\/p>\n<\/div><\/section><\/div><div class='av-flex-placeholder'><\/div>\n<style type=\"text\/css\" data-created_by=\"avia_inline_auto\" id=\"style-css-av-2ffzd0-2723d00f3af865c7532da98ca030dffa\">\n#top .flex_column_table.av-equal-height-column-flextable.av-2ffzd0-2723d00f3af865c7532da98ca030dffa{\nmargin-top:95px;\nmargin-bottom:50px;\n}\n.flex_column.av-2ffzd0-2723d00f3af865c7532da98ca030dffa{\nwidth:47.5%;\nmargin-left:0;\n}\n#top .flex_column_table.av-equal-height-column-flextable.av-2ffzd0-2723d00f3af865c7532da98ca030dffa .av-flex-placeholder{\nwidth:5%;\n}\n<\/style>\n<div  class='flex_column av-2ffzd0-2723d00f3af865c7532da98ca030dffa av_one_half  avia-builder-el-13  el_after_av_one_half  avia-builder-el-last  part-txtbgw flex_column_table_cell av-equal-height-column av-align-middle  column-top-margin'     ><section  class='av_textblock_section av-qayk-417bfe6f36f23912841e4b17c593beda'   itemscope=\"itemscope\" itemtype=\"https:\/\/schema.org\/CreativeWork\" ><div class='avia_textblock'  itemprop=\"text\" ><h2>PRODUCTOS AUTORIZADOS EN ECO Y NOP<\/h2>\n<\/div><\/section><br \/>\n<section  class='av_textblock_section av-lz2o6oqk-ab1bf2d9466dc195455fdce9ef3e515e'   itemscope=\"itemscope\" itemtype=\"https:\/\/schema.org\/CreativeWork\" ><div class='avia_textblock text-hight'  itemprop=\"text\" ><p class=\" translation-block\">Encontrar\u00e1s todos nuestros productos conformes con la producci\u00f3n ecol\u00f3gica en la web de ECOCERT<a href=\"https:\/\/ap.ecocert.com\/intrants\/fournisseur.php?liste=oenologie&amp;recherche_produit=&amp;id=426&amp;recherche_categorie=0&amp;recherche_statut=1,0,0,0,0\" target=\"_self\"> clicando aqu\u00ed<\/a>. Introduce el nombre del producto en la columna \"Producto\".\n<strong>NOTA: El usuario podr\u00e1 presentar ante su organismo certificador una p\u00e1gina impresa del sitio web, que ser\u00e1 considerada como garant\u00eda suficiente si va acompa\u00f1ada de la garant\u00eda en la factura.<\/strong><\/p>\n<\/div><\/section><\/p><\/div><\/div><!--close column table wrapper. Autoclose: 1 -->","protected":false},"excerpt":{"rendered":"","protected":false},"author":1,"featured_media":0,"parent":0,"menu_order":0,"comment_status":"closed","ping_status":"closed","template":"","meta":{"_acf_changed":false,"inline_featured_image":false,"footnotes":""},"class_list":["post-260","page","type-page","status-publish","hentry"],"acf":[],"yoast_head":"<!-- This site is optimized with the Yoast SEO plugin v24.6 - https:\/\/yoast.com\/wordpress\/plugins\/seo\/ -->\n<title>D\u00e9marche Bio - Oenofrance<\/title>\n<meta name=\"robots\" content=\"index, follow, max-snippet:-1, max-image-preview:large, max-video-preview:-1\" \/>\n<link rel=\"canonical\" href=\"https:\/\/www.oenofrance.com\/es\/enfoque-eco\/\" \/>\n<meta property=\"og:locale\" content=\"es_ES\" \/>\n<meta property=\"og:type\" content=\"article\" \/>\n<meta property=\"og:title\" content=\"D\u00e9marche Bio - Oenofrance\" \/>\n<meta property=\"og:url\" content=\"https:\/\/www.oenofrance.com\/es\/enfoque-eco\/\" \/>\n<meta property=\"og:site_name\" content=\"Oenofrance\" \/>\n<meta property=\"article:modified_time\" content=\"2025-02-10T14:48:09+00:00\" \/>\n<meta property=\"og:image\" content=\"https:\/\/www.oenofrance.com\/uploads\/2024\/07\/logo-Ecocert-2.png\" \/>\n<meta name=\"twitter:card\" content=\"summary_large_image\" \/>\n<meta name=\"twitter:label1\" content=\"Tiempo de lectura\" \/>\n\t<meta name=\"twitter:data1\" content=\"2 minutos\" \/>\n<script type=\"application\/ld+json\" class=\"yoast-schema-graph\">{\"@context\":\"https:\/\/schema.org\",\"@graph\":[{\"@type\":\"WebPage\",\"@id\":\"https:\/\/www.oenofrance.com\/es\/enfoque-eco\/\",\"url\":\"https:\/\/www.oenofrance.com\/es\/enfoque-eco\/\",\"name\":\"D\u00e9marche Bio - Oenofrance\",\"isPartOf\":{\"@id\":\"https:\/\/www.oenofrance.com\/es\/#website\"},\"primaryImageOfPage\":{\"@id\":\"https:\/\/www.oenofrance.com\/es\/enfoque-eco\/#primaryimage\"},\"image\":{\"@id\":\"https:\/\/www.oenofrance.com\/es\/enfoque-eco\/#primaryimage\"},\"thumbnailUrl\":\"https:\/\/www.oenofrance.com\/uploads\/2024\/07\/logo-Ecocert-2.png\",\"datePublished\":\"2024-05-06T08:19:48+00:00\",\"dateModified\":\"2025-02-10T14:48:09+00:00\",\"breadcrumb\":{\"@id\":\"https:\/\/www.oenofrance.com\/es\/enfoque-eco\/#breadcrumb\"},\"inLanguage\":\"es\",\"potentialAction\":[{\"@type\":\"ReadAction\",\"target\":[\"https:\/\/www.oenofrance.com\/es\/enfoque-eco\/\"]}]},{\"@type\":\"ImageObject\",\"inLanguage\":\"es\",\"@id\":\"https:\/\/www.oenofrance.com\/es\/enfoque-eco\/#primaryimage\",\"url\":\"https:\/\/www.oenofrance.com\/uploads\/2024\/07\/logo-Ecocert-2.png\",\"contentUrl\":\"https:\/\/www.oenofrance.com\/uploads\/2024\/07\/logo-Ecocert-2.png\"},{\"@type\":\"BreadcrumbList\",\"@id\":\"https:\/\/www.oenofrance.com\/es\/enfoque-eco\/#breadcrumb\",\"itemListElement\":[{\"@type\":\"ListItem\",\"position\":1,\"name\":\"Accueil\",\"item\":\"https:\/\/www.oenofrance.com\/es\/\"},{\"@type\":\"ListItem\",\"position\":2,\"name\":\"D\u00e9marche Bio\"}]},{\"@type\":\"WebSite\",\"@id\":\"https:\/\/www.oenofrance.com\/es\/#website\",\"url\":\"https:\/\/www.oenofrance.com\/es\/\",\"name\":\"Oenofrance\",\"description\":\"\",\"publisher\":{\"@id\":\"https:\/\/www.oenofrance.com\/es\/#organization\"},\"potentialAction\":[{\"@type\":\"SearchAction\",\"target\":{\"@type\":\"EntryPoint\",\"urlTemplate\":\"https:\/\/www.oenofrance.com\/es\/?s={search_term_string}\"},\"query-input\":{\"@type\":\"PropertyValueSpecification\",\"valueRequired\":true,\"valueName\":\"search_term_string\"}}],\"inLanguage\":\"es\"},{\"@type\":\"Organization\",\"@id\":\"https:\/\/www.oenofrance.com\/es\/#organization\",\"name\":\"Oenofrance\",\"url\":\"https:\/\/www.oenofrance.com\/es\/\",\"logo\":{\"@type\":\"ImageObject\",\"inLanguage\":\"es\",\"@id\":\"https:\/\/www.oenofrance.com\/es\/#\/schema\/logo\/image\/\",\"url\":\"https:\/\/www.oenofrance.com\/uploads\/2024\/05\/logo-oenofrance.svg\",\"contentUrl\":\"https:\/\/www.oenofrance.com\/uploads\/2024\/05\/logo-oenofrance.svg\",\"width\":338,\"height\":65,\"caption\":\"Oenofrance\"},\"image\":{\"@id\":\"https:\/\/www.oenofrance.com\/es\/#\/schema\/logo\/image\/\"}}]}<\/script>\n<!-- \/ Yoast SEO plugin. -->","yoast_head_json":{"title":"D\u00e9marche Bio - Oenofrance","robots":{"index":"index","follow":"follow","max-snippet":"max-snippet:-1","max-image-preview":"max-image-preview:large","max-video-preview":"max-video-preview:-1"},"canonical":"https:\/\/www.oenofrance.com\/es\/enfoque-eco\/","og_locale":"es_ES","og_type":"article","og_title":"D\u00e9marche Bio - Oenofrance","og_url":"https:\/\/www.oenofrance.com\/es\/enfoque-eco\/","og_site_name":"Oenofrance","article_modified_time":"2025-02-10T14:48:09+00:00","og_image":[{"url":"https:\/\/www.oenofrance.com\/uploads\/2024\/07\/logo-Ecocert-2.png","type":"","width":"","height":""}],"twitter_card":"summary_large_image","twitter_misc":{"Tiempo de lectura":"2 minutos"},"schema":{"@context":"https:\/\/schema.org","@graph":[{"@type":"WebPage","@id":"https:\/\/www.oenofrance.com\/es\/enfoque-eco\/","url":"https:\/\/www.oenofrance.com\/es\/enfoque-eco\/","name":"D\u00e9marche Bio - Oenofrance","isPartOf":{"@id":"https:\/\/www.oenofrance.com\/es\/#website"},"primaryImageOfPage":{"@id":"https:\/\/www.oenofrance.com\/es\/enfoque-eco\/#primaryimage"},"image":{"@id":"https:\/\/www.oenofrance.com\/es\/enfoque-eco\/#primaryimage"},"thumbnailUrl":"https:\/\/www.oenofrance.com\/uploads\/2024\/07\/logo-Ecocert-2.png","datePublished":"2024-05-06T08:19:48+00:00","dateModified":"2025-02-10T14:48:09+00:00","breadcrumb":{"@id":"https:\/\/www.oenofrance.com\/es\/enfoque-eco\/#breadcrumb"},"inLanguage":"es","potentialAction":[{"@type":"ReadAction","target":["https:\/\/www.oenofrance.com\/es\/enfoque-eco\/"]}]},{"@type":"ImageObject","inLanguage":"es","@id":"https:\/\/www.oenofrance.com\/es\/enfoque-eco\/#primaryimage","url":"https:\/\/www.oenofrance.com\/uploads\/2024\/07\/logo-Ecocert-2.png","contentUrl":"https:\/\/www.oenofrance.com\/uploads\/2024\/07\/logo-Ecocert-2.png"},{"@type":"BreadcrumbList","@id":"https:\/\/www.oenofrance.com\/es\/enfoque-eco\/#breadcrumb","itemListElement":[{"@type":"ListItem","position":1,"name":"Accueil","item":"https:\/\/www.oenofrance.com\/es\/"},{"@type":"ListItem","position":2,"name":"D\u00e9marche Bio"}]},{"@type":"WebSite","@id":"https:\/\/www.oenofrance.com\/es\/#website","url":"https:\/\/www.oenofrance.com\/es\/","name":"Oenofrance","description":"","publisher":{"@id":"https:\/\/www.oenofrance.com\/es\/#organization"},"potentialAction":[{"@type":"SearchAction","target":{"@type":"EntryPoint","urlTemplate":"https:\/\/www.oenofrance.com\/es\/?s={search_term_string}"},"query-input":{"@type":"PropertyValueSpecification","valueRequired":true,"valueName":"search_term_string"}}],"inLanguage":"es"},{"@type":"Organization","@id":"https:\/\/www.oenofrance.com\/es\/#organization","name":"Oenofrance","url":"https:\/\/www.oenofrance.com\/es\/","logo":{"@type":"ImageObject","inLanguage":"es","@id":"https:\/\/www.oenofrance.com\/es\/#\/schema\/logo\/image\/","url":"https:\/\/www.oenofrance.com\/uploads\/2024\/05\/logo-oenofrance.svg","contentUrl":"https:\/\/www.oenofrance.com\/uploads\/2024\/05\/logo-oenofrance.svg","width":338,"height":65,"caption":"Oenofrance"},"image":{"@id":"https:\/\/www.oenofrance.com\/es\/#\/schema\/logo\/image\/"}}]}},"_links":{"self":[{"href":"https:\/\/www.oenofrance.com\/es\/wp-json\/wp\/v2\/pages\/260"}],"collection":[{"href":"https:\/\/www.oenofrance.com\/es\/wp-json\/wp\/v2\/pages"}],"about":[{"href":"https:\/\/www.oenofrance.com\/es\/wp-json\/wp\/v2\/types\/page"}],"author":[{"embeddable":true,"href":"https:\/\/www.oenofrance.com\/es\/wp-json\/wp\/v2\/users\/1"}],"replies":[{"embeddable":true,"href":"https:\/\/www.oenofrance.com\/es\/wp-json\/wp\/v2\/comments?post=260"}],"version-history":[{"count":0,"href":"https:\/\/www.oenofrance.com\/es\/wp-json\/wp\/v2\/pages\/260\/revisions"}],"wp:attachment":[{"href":"https:\/\/www.oenofrance.com\/es\/wp-json\/wp\/v2\/media?parent=260"}],"curies":[{"name":"wp","href":"https:\/\/api.w.org\/{rel}","templated":true}]}}