{"id":620,"date":"2024-05-21T08:33:48","date_gmt":"2024-05-21T06:33:48","guid":{"rendered":"https:\/\/demo.oenofrance.com\/?page_id=620"},"modified":"2024-09-27T14:58:16","modified_gmt":"2024-09-27T12:58:16","slug":"mentions-legales","status":"publish","type":"page","link":"https:\/\/www.oenofrance.com\/us\/legal-information\/","title":{"rendered":"Mentions l\u00e9gales"},"content":{"rendered":"<style type=\"text\/css\" data-created_by=\"avia_inline_auto\" id=\"style-css-av-ujkl0-b473ad7257b588238090d918ca6f55f7\">\n.avia-section.av-ujkl0-b473ad7257b588238090d918ca6f55f7{\nbackground-repeat:no-repeat;\nbackground-image:url(https:\/\/www.oenofrance.com\/uploads\/2024\/05\/standard.jpg);\nbackground-position:50% 50%;\nbackground-attachment:scroll;\n}\n<\/style>\n<div id='av_section_1'  class='avia-section av-ujkl0-b473ad7257b588238090d918ca6f55f7 main_color avia-section-default avia-no-border-styling  avia-builder-el-0  el_before_av_section  avia-builder-el-first  header-type-withbg avia-full-stretch avia-bg-style-scroll av-minimum-height av-minimum-height-custom av-height-custom  container_wrap fullsize'  data-section-bg-repeat='stretch' data-av_minimum_height_px='290'><div class='container av-section-cont-open' style='height:290px'><main  role=\"main\" itemprop=\"mainContentOfPage\"  class='template-page content  av-content-full alpha units'><div class='post-entry post-entry-type-page post-entry-620'><div class='entry-content-wrapper clearfix'>\n<div  class='flex_column av-sjrpg-8f7e1ff9a9a8567ef1993e37c0c4630b av_one_full  avia-builder-el-1  avia-builder-el-no-sibling  first no_margin flex_column_div'     ><section  class='av_textblock_section av-lwg0rkrt-3a2f857384d76ead1016b0c340e96232'   itemscope=\"itemscope\" itemtype=\"https:\/\/schema.org\/CreativeWork\" ><div class='avia_textblock hd-parttitle'  itemprop=\"text\" ><div class=\"sup-title\">RGPD<\/div>\n<h1>Mentions l\u00e9gales<\/h1>\n<\/div><\/section><\/div>\n\n<\/div><\/div><\/main><!-- close content main element --><\/div><\/div><div id='av_section_2'  class='avia-section av-k3mms-e6cc87841f53879e5a10000418713820 main_color avia-section-default avia-no-border-styling  avia-builder-el-3  el_after_av_section  avia-builder-el-last  yellow-section avia-bg-style-scroll container_wrap fullsize'  ><div class='container av-section-cont-open' ><div class='template-page content  av-content-full alpha units'><div class='post-entry post-entry-type-page post-entry-620'><div class='entry-content-wrapper clearfix'>\n\n<style type=\"text\/css\" data-created_by=\"avia_inline_auto\" id=\"style-css-av-ghp5w-966acc179358db3f6b01e89e3202881a\">\n#top .flex_column.av-ghp5w-966acc179358db3f6b01e89e3202881a{\nmargin-top:50px;\nmargin-bottom:40px;\n}\n.responsive #top #wrap_all .flex_column.av-ghp5w-966acc179358db3f6b01e89e3202881a{\nmargin-top:50px;\nmargin-bottom:40px;\n}\n<\/style>\n<div  class='flex_column av-ghp5w-966acc179358db3f6b01e89e3202881a av_one_full  avia-builder-el-4  avia-builder-el-no-sibling  first flex_column_div'     ><section  class='av_textblock_section av-116fw-c5b8933869e2251f8a80d0e923ef4e87'   itemscope=\"itemscope\" itemtype=\"https:\/\/schema.org\/CreativeWork\" ><div class='avia_textblock max-width-txt'  itemprop=\"text\" ><p><span style=\"font-family: Times New Roman, serif;\"><span style=\"font-size: x-large;\"><b>MENTIONS L\u00c9GALES<\/b><\/span><\/span><\/p>\n<p><span style=\"font-family: Times New Roman, serif;\"><span style=\"font-size: x-large;\"><b>\u00c9diteur<\/b><\/span><\/span><\/p>\n<p><span style=\"font-family: Times New Roman, serif;\">SAS SOFRALAB<br \/>\nSARL au capital de 1 315 600 \u20ac<br \/>\nRCS Reims 572 224 863<br \/>\nSIRET 572 224 863 00041<br \/>\nNum\u00e9ro TVA intracommunautaire : FR 29 572 224 863<br \/>\nCode d&rsquo;activit\u00e9 : <\/span><span class=\"description-txt\">Fabrication d&rsquo;autres produits chimiques organiques de base (2014Z)<\/span><\/p>\n<p>Si\u00e8ge social : 79 av, A.A. Th\u00e9venet \u2013 CS 11031 \u2013 51530 MAGENTA \u2013 France<br \/>\nEmail :\u00a0<a href=\"mailto:contact@oenofrance.com\">contact@oenofrance.com<\/a><\/p>\n<p><span style=\"font-family: Times New Roman, serif;\"><span style=\"font-size: x-large;\"><b>Directeur de la publication<\/b><\/span><\/span><\/p>\n<p><span style=\"font-family: Times New Roman, serif;\">Directeur de la publication : Ramon BEL<\/span><\/p>\n<p><span style=\"font-family: Times New Roman, serif;\"><span style=\"font-size: x-large;\"><b>Cr\u00e9ation \u2013 D\u00e9veloppement &#8211; H\u00e9bergement<\/b><\/span><\/span><\/p>\n<p><span style=\"font-family: Times New Roman, serif;\">Le site web est cr\u00e9\u00e9 et d\u00e9velopp\u00e9 par\u00a0<a href=\"http:\/\/www.ae2agence.com\/\"><span style=\"color: #0000ff;\"><u>AE2 AGENCE<\/u><\/span><\/a><br \/>\n<\/span><span style=\"font-family: Times New Roman, serif;\">Direction : Yann BRUNEAU.<br \/>\n<\/span><span style=\"font-family: Times New Roman, serif;\">AE2 AGENCE, 2 All\u00e9e des Vieux Tilleuls, 44300 NANTES<br \/>\n<\/span><span style=\"font-family: Times New Roman, serif;\">Tel. : 09 50 04 23 00<br \/>\n<\/span><span style=\"font-family: Times New Roman, serif;\">Capital : 50 000 euros<br \/>\n<\/span><span style=\"font-family: Times New Roman, serif;\">RCS 494 283 989 R.C.S. Nantes<br \/>\n<\/span><span style=\"font-family: Times New Roman, serif;\">Cr\u00e9ation de SARL AE2 :\u00a0Novembre 2006<br \/>\n<\/span><span style=\"font-family: Times New Roman, serif;\"><span lang=\"en-US\">Infog\u00e9rant\u00a0: DREAM ME UP.<\/span><\/span><\/p>\n<p><span style=\"font-family: Times New Roman, serif;\"><span style=\"font-size: x-large;\"><span lang=\"en-US\"><b>H\u00e9bergement<\/b><\/span><\/span><\/span><\/p>\n<p><span style=\"font-family: Times, serif;\"><span lang=\"en-US\">OVH<br \/>\n<\/span><\/span><span style=\"font-family: Times, serif;\">RCS Lille M\u00e9tropole 424 761 419 00045<br \/>\n<\/span><span style=\"font-family: Times, serif;\">2 rue kellermann BP 80157<br \/>\n<\/span><span style=\"font-family: Times, serif;\">59053 ROUBAIX Cedex 1, France<br \/>\n<\/span><span style=\"font-family: Times, serif;\">+33 (0)8 203 203 63<br \/>\n<\/span><span style=\"font-family: Times, serif;\">Email : <\/span><span style=\"color: #0000ff;\"><u><a href=\"mailto:support@ovh.com\"><span style=\"font-family: Times, serif;\">support@ovh.com<\/span><\/a><\/u><\/span><\/p>\n<p><span style=\"font-family: Times New Roman, serif;\"><span style=\"font-size: x-large;\"><b>Droit d&rsquo;auteurs et droits de reproductions<\/b><\/span><\/span><\/p>\n<p><span style=\"font-family: Times New Roman, serif;\">Toute utilisation, reproduction, diffusion, commercialisation, modification de toute ou partie du site www.site.fr, sans autorisation de l\u2019Editeur est prohib\u00e9e et pourra entra\u00een\u00e9e des actions et poursuites judiciaires telles que notamment pr\u00e9vues par le Code de la propri\u00e9t\u00e9 intellectuelle et le Code civil.<\/span><\/p>\n<\/div><\/section><\/div>","protected":false},"excerpt":{"rendered":"","protected":false},"author":1,"featured_media":0,"parent":0,"menu_order":0,"comment_status":"closed","ping_status":"closed","template":"","meta":{"_acf_changed":false,"inline_featured_image":false,"footnotes":""},"class_list":["post-620","page","type-page","status-publish","hentry"],"acf":[],"yoast_head":"<!-- This site is optimized with the Yoast SEO plugin v24.6 - https:\/\/yoast.com\/wordpress\/plugins\/seo\/ -->\n<title>Mentions l\u00e9gales - Oenofrance<\/title>\n<meta name=\"robots\" content=\"index, follow, max-snippet:-1, max-image-preview:large, max-video-preview:-1\" \/>\n<link rel=\"canonical\" href=\"https:\/\/www.oenofrance.com\/us\/legal-information\/\" \/>\n<meta property=\"og:locale\" content=\"en_US\" \/>\n<meta property=\"og:type\" content=\"article\" \/>\n<meta property=\"og:title\" content=\"Mentions l\u00e9gales - Oenofrance\" \/>\n<meta property=\"og:url\" content=\"https:\/\/www.oenofrance.com\/us\/legal-information\/\" \/>\n<meta property=\"og:site_name\" content=\"Oenofrance\" \/>\n<meta property=\"article:modified_time\" content=\"2024-09-27T12:58:16+00:00\" \/>\n<meta name=\"twitter:card\" content=\"summary_large_image\" \/>\n<meta name=\"twitter:label1\" content=\"Est. reading time\" \/>\n\t<meta name=\"twitter:data1\" content=\"1 minute\" \/>\n<script type=\"application\/ld+json\" class=\"yoast-schema-graph\">{\"@context\":\"https:\/\/schema.org\",\"@graph\":[{\"@type\":\"WebPage\",\"@id\":\"https:\/\/www.oenofrance.com\/us\/legal-information\/\",\"url\":\"https:\/\/www.oenofrance.com\/us\/legal-information\/\",\"name\":\"Mentions l\u00e9gales - Oenofrance\",\"isPartOf\":{\"@id\":\"https:\/\/www.oenofrance.com\/us\/#website\"},\"datePublished\":\"2024-05-21T06:33:48+00:00\",\"dateModified\":\"2024-09-27T12:58:16+00:00\",\"breadcrumb\":{\"@id\":\"https:\/\/www.oenofrance.com\/us\/legal-information\/#breadcrumb\"},\"inLanguage\":\"en-US\",\"potentialAction\":[{\"@type\":\"ReadAction\",\"target\":[\"https:\/\/www.oenofrance.com\/us\/legal-information\/\"]}]},{\"@type\":\"BreadcrumbList\",\"@id\":\"https:\/\/www.oenofrance.com\/us\/legal-information\/#breadcrumb\",\"itemListElement\":[{\"@type\":\"ListItem\",\"position\":1,\"name\":\"Accueil\",\"item\":\"https:\/\/www.oenofrance.com\/us\/\"},{\"@type\":\"ListItem\",\"position\":2,\"name\":\"Mentions l\u00e9gales\"}]},{\"@type\":\"WebSite\",\"@id\":\"https:\/\/www.oenofrance.com\/us\/#website\",\"url\":\"https:\/\/www.oenofrance.com\/us\/\",\"name\":\"Oenofrance\",\"description\":\"\",\"publisher\":{\"@id\":\"https:\/\/www.oenofrance.com\/us\/#organization\"},\"potentialAction\":[{\"@type\":\"SearchAction\",\"target\":{\"@type\":\"EntryPoint\",\"urlTemplate\":\"https:\/\/www.oenofrance.com\/us\/?s={search_term_string}\"},\"query-input\":{\"@type\":\"PropertyValueSpecification\",\"valueRequired\":true,\"valueName\":\"search_term_string\"}}],\"inLanguage\":\"en-US\"},{\"@type\":\"Organization\",\"@id\":\"https:\/\/www.oenofrance.com\/us\/#organization\",\"name\":\"Oenofrance\",\"url\":\"https:\/\/www.oenofrance.com\/us\/\",\"logo\":{\"@type\":\"ImageObject\",\"inLanguage\":\"en-US\",\"@id\":\"https:\/\/www.oenofrance.com\/us\/#\/schema\/logo\/image\/\",\"url\":\"https:\/\/www.oenofrance.com\/uploads\/2024\/05\/logo-oenofrance.svg\",\"contentUrl\":\"https:\/\/www.oenofrance.com\/uploads\/2024\/05\/logo-oenofrance.svg\",\"width\":338,\"height\":65,\"caption\":\"Oenofrance\"},\"image\":{\"@id\":\"https:\/\/www.oenofrance.com\/us\/#\/schema\/logo\/image\/\"}}]}<\/script>\n<!-- \/ Yoast SEO plugin. -->","yoast_head_json":{"title":"Mentions l\u00e9gales - Oenofrance","robots":{"index":"index","follow":"follow","max-snippet":"max-snippet:-1","max-image-preview":"max-image-preview:large","max-video-preview":"max-video-preview:-1"},"canonical":"https:\/\/www.oenofrance.com\/us\/legal-information\/","og_locale":"en_US","og_type":"article","og_title":"Mentions l\u00e9gales - Oenofrance","og_url":"https:\/\/www.oenofrance.com\/us\/legal-information\/","og_site_name":"Oenofrance","article_modified_time":"2024-09-27T12:58:16+00:00","twitter_card":"summary_large_image","twitter_misc":{"Est. reading time":"1 minute"},"schema":{"@context":"https:\/\/schema.org","@graph":[{"@type":"WebPage","@id":"https:\/\/www.oenofrance.com\/us\/legal-information\/","url":"https:\/\/www.oenofrance.com\/us\/legal-information\/","name":"Mentions l\u00e9gales - Oenofrance","isPartOf":{"@id":"https:\/\/www.oenofrance.com\/us\/#website"},"datePublished":"2024-05-21T06:33:48+00:00","dateModified":"2024-09-27T12:58:16+00:00","breadcrumb":{"@id":"https:\/\/www.oenofrance.com\/us\/legal-information\/#breadcrumb"},"inLanguage":"en-US","potentialAction":[{"@type":"ReadAction","target":["https:\/\/www.oenofrance.com\/us\/legal-information\/"]}]},{"@type":"BreadcrumbList","@id":"https:\/\/www.oenofrance.com\/us\/legal-information\/#breadcrumb","itemListElement":[{"@type":"ListItem","position":1,"name":"Accueil","item":"https:\/\/www.oenofrance.com\/us\/"},{"@type":"ListItem","position":2,"name":"Mentions l\u00e9gales"}]},{"@type":"WebSite","@id":"https:\/\/www.oenofrance.com\/us\/#website","url":"https:\/\/www.oenofrance.com\/us\/","name":"Oenofrance","description":"","publisher":{"@id":"https:\/\/www.oenofrance.com\/us\/#organization"},"potentialAction":[{"@type":"SearchAction","target":{"@type":"EntryPoint","urlTemplate":"https:\/\/www.oenofrance.com\/us\/?s={search_term_string}"},"query-input":{"@type":"PropertyValueSpecification","valueRequired":true,"valueName":"search_term_string"}}],"inLanguage":"en-US"},{"@type":"Organization","@id":"https:\/\/www.oenofrance.com\/us\/#organization","name":"Oenofrance","url":"https:\/\/www.oenofrance.com\/us\/","logo":{"@type":"ImageObject","inLanguage":"en-US","@id":"https:\/\/www.oenofrance.com\/us\/#\/schema\/logo\/image\/","url":"https:\/\/www.oenofrance.com\/uploads\/2024\/05\/logo-oenofrance.svg","contentUrl":"https:\/\/www.oenofrance.com\/uploads\/2024\/05\/logo-oenofrance.svg","width":338,"height":65,"caption":"Oenofrance"},"image":{"@id":"https:\/\/www.oenofrance.com\/us\/#\/schema\/logo\/image\/"}}]}},"_links":{"self":[{"href":"https:\/\/www.oenofrance.com\/us\/wp-json\/wp\/v2\/pages\/620"}],"collection":[{"href":"https:\/\/www.oenofrance.com\/us\/wp-json\/wp\/v2\/pages"}],"about":[{"href":"https:\/\/www.oenofrance.com\/us\/wp-json\/wp\/v2\/types\/page"}],"author":[{"embeddable":true,"href":"https:\/\/www.oenofrance.com\/us\/wp-json\/wp\/v2\/users\/1"}],"replies":[{"embeddable":true,"href":"https:\/\/www.oenofrance.com\/us\/wp-json\/wp\/v2\/comments?post=620"}],"version-history":[{"count":0,"href":"https:\/\/www.oenofrance.com\/us\/wp-json\/wp\/v2\/pages\/620\/revisions"}],"wp:attachment":[{"href":"https:\/\/www.oenofrance.com\/us\/wp-json\/wp\/v2\/media?parent=620"}],"curies":[{"name":"wp","href":"https:\/\/api.w.org\/{rel}","templated":true}]}}